{"id":117159,"date":"2024-05-23T13:56:02","date_gmt":"2024-05-23T09:56:02","guid":{"rendered":"https:\/\/www.oxsea.com\/boutique\/senza-categoria\/kit-ox500-pompa-manuale\/"},"modified":"2024-05-23T13:56:02","modified_gmt":"2024-05-23T09:56:02","slug":"kit-ox500-pompa-manuale","status":"publish","type":"product","link":"https:\/\/www.oxsea.com\/it\/boutique\/tutti-i-prodotti\/kit-ox500\/kit-ox500-pompa-manuale\/","title":{"rendered":"Kit OX500 + Pompa Manuale"},"content":{"rendered":"<div style=\"font-family: Inter,system-ui,-apple-system,Segoe UI,Roboto,sans-serif; color: #e6e6e6; line-height: 1.6; margin: 0 0 16px 0;\">\n<p><strong style=\"color: #ffffff;\">Scopri il Kit OX500: mini-bombola + pompa manuale.<\/strong><\/p>\n<p style=\"margin: 8px 0 12px 0;\">L&#8217;OX500 offre fino a <strong style=\"color: #ffffff;\">8 minuti di autonomia<\/strong> con la sua capacit\u00e0 di <strong style=\"color: #ffffff;\">0,5 L<\/strong>. Questo kit include la <strong style=\"color: #ffffff;\">pompa manuale OXSEA<\/strong> per ricaricare ovunque, pensato per <strong style=\"color: #ffffff;\">semplicit\u00e0, sicurezza e libert\u00e0<\/strong>. <\/p>\n<div style=\"display: flex; flex-direction: column; gap: 6px; margin: 0.8em 0 1.2em 0;\">\n<div style=\"display: flex; align-items: flex-start; gap: 10px;\">\n<div><strong style=\"color: #ffffff;\">Compatto e facile da usare:<\/strong> un set leggero che si ripone in una borsa o nel gavone di una barca.<\/div>\n<\/div>\n<div style=\"display: flex; align-items: flex-start; gap: 10px;\">\n<div><strong style=\"color: #ffffff;\">Ricarica ovunque:<\/strong> pompa manuale inclusa, ricarica dello 0,5 L in ~20 min. Compatibile anche con mini compressore 12V\/220V e stazione di trasferimento DIN\/staffa. <\/div>\n<\/div>\n<div style=\"display: flex; align-items: flex-start; gap: 10px;\">\n<div><strong style=\"color: #ffffff;\">Robusto e sicuro:<\/strong> alluminio 6061, pressione di esercizio 200 bar, test di tenuta e affidabilit\u00e0.<\/div>\n<\/div>\n<div style=\"display: flex; align-items: flex-start; gap: 10px;\">\n<div><strong style=\"color: #ffffff;\">Usi versatili:<\/strong> ideale per piccoli interventi, sicurezza intorno all&#8217;imbarcazione, controlli rapidi.<\/div>\n<\/div>\n<\/div>\n<\/div>\n","protected":false},"excerpt":{"rendered":"<p>Scopri il Kit OX500: mini-bombola + pompa manuale. L&#8217;OX500 offre fino a 8 minuti di autonomia con la sua capacit\u00e0 di 0,5 L. Questo kit include la pompa manuale OXSEA per ricaricare ovunque, pensato per semplicit\u00e0, sicurezza e libert\u00e0. Compatto e facile da usare: un set leggero che si ripone in una borsa o nel [&hellip;]<\/p>\n","protected":false},"featured_media":117160,"template":"","meta":{"_acf_changed":false,"_et_pb_use_builder":"","_et_pb_old_content":"","_et_gb_content_width":""},"product_brand":[],"product_cat":[208,200],"product_tag":[],"class_list":{"0":"post-117159","1":"product","2":"type-product","3":"status-publish","4":"has-post-thumbnail","6":"product_cat-kit-ox500","7":"product_cat-tutti-i-prodotti","9":"first","10":"instock","11":"featured","12":"taxable","13":"shipping-taxable","14":"purchasable","15":"product-type-simple"},"acf":[],"_links":{"self":[{"href":"https:\/\/www.oxsea.com\/it\/wp-json\/wp\/v2\/product\/117159","targetHints":{"allow":["GET"]}}],"collection":[{"href":"https:\/\/www.oxsea.com\/it\/wp-json\/wp\/v2\/product"}],"about":[{"href":"https:\/\/www.oxsea.com\/it\/wp-json\/wp\/v2\/types\/product"}],"wp:featuredmedia":[{"embeddable":true,"href":"https:\/\/www.oxsea.com\/it\/wp-json\/wp\/v2\/media\/117160"}],"wp:attachment":[{"href":"https:\/\/www.oxsea.com\/it\/wp-json\/wp\/v2\/media?parent=117159"}],"wp:term":[{"taxonomy":"product_brand","embeddable":true,"href":"https:\/\/www.oxsea.com\/it\/wp-json\/wp\/v2\/product_brand?post=117159"},{"taxonomy":"product_cat","embeddable":true,"href":"https:\/\/www.oxsea.com\/it\/wp-json\/wp\/v2\/product_cat?post=117159"},{"taxonomy":"product_tag","embeddable":true,"href":"https:\/\/www.oxsea.com\/it\/wp-json\/wp\/v2\/product_tag?post=117159"}],"curies":[{"name":"wp","href":"https:\/\/api.w.org\/{rel}","templated":true}]}}