{"id":116836,"date":"2022-01-17T15:22:30","date_gmt":"2022-01-17T11:22:30","guid":{"rendered":"https:\/\/www.oxsea.com\/boutique\/sin categor\u00eda\/ox1000\/"},"modified":"2022-01-17T15:22:30","modified_gmt":"2022-01-17T11:22:30","slug":"ox1000","status":"publish","type":"product","link":"https:\/\/www.oxsea.com\/es\/boutique\/todos-los-productos\/productos-solos\/ox1000\/","title":{"rendered":"OX1000"},"content":{"rendered":"<p><!-- OX1000 \u2014 produit individuel --><\/p>\n<div style=\"font-family: Inter,system-ui,-apple-system,Segoe UI,Roboto,sans-serif; color: #e6e6e6; line-height: 1.6; margin: 0 0 16px 0;\">\n<p><strong style=\"color: #ffffff;\">Descubre la OX1000: m\u00e1s tiempo bajo el agua.<\/strong><\/p>\n<p style=\"margin: 8px 0 12px 0;\">La OX1000 ofrece hasta <strong style=\"color: #ffffff;\">15 minutos de autonom\u00eda<\/strong> con su capacidad de <strong style=\"color: #ffffff;\">1,0 L<\/strong>, para aquellos que buscan <strong style=\"color: #ffffff;\">alcance, seguridad y libertad<\/strong>.<\/p>\n<div style=\"display: flex; flex-direction: column; gap: 6px; margin: 0.8em 0 1.2em 0;\">\n<div style=\"display: flex; align-items: flex-start; gap: 10px;\">\n<div><strong style=\"color: #ffffff;\">Compacta y f\u00e1cil de usar:<\/strong> configuraci\u00f3n estable con regulador externo y arn\u00e9s para respirar c\u00f3modamente y mantener las manos libres.<\/div>\n<\/div>\n<div style=\"display: flex; align-items: flex-start; gap: 10px;\">\n<div><strong style=\"color: #ffffff;\">Recarga en cualquier parte:<\/strong> mini compresor de 12 V\/220 V ~20 min para 1,0 L, o estaci\u00f3n de transferencia DIN\/estribo ~1 min. <em>Bomba manual no compatible.<\/em><\/div>\n<\/div>\n<div style=\"display: flex; align-items: flex-start; gap: 10px;\">\n<div><strong style=\"color: #ffffff;\">Robusta y segura:<\/strong> aluminio 6061, presi\u00f3n de servicio de 200 bar, pruebas de fuga y pruebas de fiabilidad.<\/div>\n<\/div>\n<div style=\"display: flex; align-items: flex-start; gap: 10px;\">\n<div><strong style=\"color: #ffffff;\">Usos polivalentes:<\/strong> ideal para intervenciones m\u00e1s largas, verificaciones bajo el casco y trabajos alrededor del barco.<\/div>\n<\/div>\n<\/div>\n<\/div>\n","protected":false},"excerpt":{"rendered":"<p>La botella OX1000 ofrece una autonom\u00eda de aproximadamente 15 minutos bajo el agua.<\/p>\n","protected":false},"featured_media":115983,"template":"","meta":{"_acf_changed":false,"_et_pb_use_builder":"","_et_pb_old_content":"","_et_gb_content_width":""},"product_brand":[],"product_cat":[191,183],"product_tag":[192],"class_list":{"0":"post-116836","1":"product","2":"type-product","3":"status-publish","4":"has-post-thumbnail","6":"product_cat-productos-solos","7":"product_cat-todos-los-productos","8":"product_tag-bouteille-individuel","10":"first","11":"instock","12":"taxable","13":"shipping-taxable","14":"purchasable","15":"product-type-simple"},"acf":[],"_links":{"self":[{"href":"https:\/\/www.oxsea.com\/es\/wp-json\/wp\/v2\/product\/116836","targetHints":{"allow":["GET"]}}],"collection":[{"href":"https:\/\/www.oxsea.com\/es\/wp-json\/wp\/v2\/product"}],"about":[{"href":"https:\/\/www.oxsea.com\/es\/wp-json\/wp\/v2\/types\/product"}],"wp:featuredmedia":[{"embeddable":true,"href":"https:\/\/www.oxsea.com\/es\/wp-json\/wp\/v2\/media\/115983"}],"wp:attachment":[{"href":"https:\/\/www.oxsea.com\/es\/wp-json\/wp\/v2\/media?parent=116836"}],"wp:term":[{"taxonomy":"product_brand","embeddable":true,"href":"https:\/\/www.oxsea.com\/es\/wp-json\/wp\/v2\/product_brand?post=116836"},{"taxonomy":"product_cat","embeddable":true,"href":"https:\/\/www.oxsea.com\/es\/wp-json\/wp\/v2\/product_cat?post=116836"},{"taxonomy":"product_tag","embeddable":true,"href":"https:\/\/www.oxsea.com\/es\/wp-json\/wp\/v2\/product_tag?post=116836"}],"curies":[{"name":"wp","href":"https:\/\/api.w.org\/{rel}","templated":true}]}}