{"id":116770,"date":"2025-10-13T14:02:07","date_gmt":"2025-10-13T10:02:07","guid":{"rendered":"https:\/\/www.oxsea.com\/boutique\/sin categor\u00eda\/pack-duo-ox500-mini-compresor-oxair\/"},"modified":"2025-10-13T14:02:07","modified_gmt":"2025-10-13T10:02:07","slug":"pack-duo-ox500-mini-compresor-oxair","status":"publish","type":"product","link":"https:\/\/www.oxsea.com\/es\/boutique\/todos-los-productos\/packs-ox500\/pack-duo-ox500-mini-compresor-oxair\/","title":{"rendered":"Pack DUO OX500 + Mini Compresor + OXAIR"},"content":{"rendered":"<p><!-- Pack OX500 DUO: deux mini-bouteilles + mini compresseur + deux masques OXAIR --><\/p>\n<div style=\"font-family: Inter,system-ui,-apple-system,Segoe UI,Roboto,sans-serif; color: #e6e6e6; line-height: 1.6; margin: 0 0 16px 0;\">\n<p><strong style=\"color: #ffffff;\">Descubre el Pack OX500 DUO: dos mini-botellas + mini compresor + dos m\u00e1scaras OXAIR.<\/strong><\/p>\n<p style=\"margin: 8px 0 12px 0;\">Cada OX500 ofrece hasta <strong style=\"color: #ffffff;\">8 minutos de autonom\u00eda<\/strong> con <strong style=\"color: #ffffff;\">0,5 L<\/strong>. El pack DUO incluye <strong style=\"color: #ffffff;\">dos mini-botellas<\/strong>, el <strong style=\"color: #ffffff;\">mini compresor OXSEA<\/strong> y <strong style=\"color: #ffffff;\">dos m\u00e1scaras OXAIR<\/strong>. <\/p>\n<div style=\"display: flex; flex-direction: column; gap: 6px; margin: 0.8em 0 1.2em 0;\">\n<div style=\"display: flex; align-items: flex-start; gap: 10px;\">\n<div><strong style=\"color: #ffffff;\">Compacto y f\u00e1cil de usar:<\/strong> dos conjuntos port\u00e1tiles para ir en pareja, f\u00e1ciles de llevar.<\/div>\n<\/div>\n<div style=\"display: flex; align-items: flex-start; gap: 10px;\">\n<div><strong style=\"color: #ffffff;\">Recarga en cualquier parte:<\/strong> mini compresor incluido, recarga de cada 0,5 L en ~12 min. Compatible con estaci\u00f3n DIN\/estribo. <\/div>\n<\/div>\n<div style=\"display: flex; align-items: flex-start; gap: 10px;\">\n<div><strong style=\"color: #ffffff;\">M\u00e1scaras OXAIR, uso h\u00edbrido:<\/strong> en la superficie respiras con el tubo, bajo el agua el aire de las mini-botellas toma el relevo autom\u00e1ticamente. Dos modos para cada uno. <\/div>\n<\/div>\n<div style=\"display: flex; align-items: flex-start; gap: 10px;\">\n<div><strong style=\"color: #ffffff;\">Usos polivalentes:<\/strong> ideal en binomio para seguridad, mantenimiento y exploraciones cortas.<\/div>\n<\/div>\n<\/div>\n<\/div>\n","protected":false},"excerpt":{"rendered":"<p>Descubre el Pack OX500 DUO: dos mini-botellas + mini compresor + dos m\u00e1scaras OXAIR. Cada OX500 ofrece hasta 8 minutos de autonom\u00eda con 0,5 L. El pack DUO incluye dos mini-botellas, el mini compresor OXSEA y dos m\u00e1scaras OXAIR. Compacto y f\u00e1cil de usar: dos conjuntos port\u00e1tiles para ir en pareja, f\u00e1ciles de llevar. Recarga [&hellip;]<\/p>\n","protected":false},"featured_media":116771,"template":"","meta":{"_acf_changed":false,"_et_pb_use_builder":"","_et_pb_old_content":"","_et_gb_content_width":""},"product_brand":[],"product_cat":[188,183],"product_tag":[],"class_list":{"0":"post-116770","1":"product","2":"type-product","3":"status-publish","4":"has-post-thumbnail","6":"product_cat-packs-ox500","7":"product_cat-todos-los-productos","9":"first","10":"instock","11":"taxable","12":"shipping-taxable","13":"purchasable","14":"product-type-simple"},"acf":[],"_links":{"self":[{"href":"https:\/\/www.oxsea.com\/es\/wp-json\/wp\/v2\/product\/116770","targetHints":{"allow":["GET"]}}],"collection":[{"href":"https:\/\/www.oxsea.com\/es\/wp-json\/wp\/v2\/product"}],"about":[{"href":"https:\/\/www.oxsea.com\/es\/wp-json\/wp\/v2\/types\/product"}],"wp:featuredmedia":[{"embeddable":true,"href":"https:\/\/www.oxsea.com\/es\/wp-json\/wp\/v2\/media\/116771"}],"wp:attachment":[{"href":"https:\/\/www.oxsea.com\/es\/wp-json\/wp\/v2\/media?parent=116770"}],"wp:term":[{"taxonomy":"product_brand","embeddable":true,"href":"https:\/\/www.oxsea.com\/es\/wp-json\/wp\/v2\/product_brand?post=116770"},{"taxonomy":"product_cat","embeddable":true,"href":"https:\/\/www.oxsea.com\/es\/wp-json\/wp\/v2\/product_cat?post=116770"},{"taxonomy":"product_tag","embeddable":true,"href":"https:\/\/www.oxsea.com\/es\/wp-json\/wp\/v2\/product_tag?post=116770"}],"curies":[{"name":"wp","href":"https:\/\/api.w.org\/{rel}","templated":true}]}}