{"id":116761,"date":"2025-10-13T15:09:15","date_gmt":"2025-10-13T11:09:15","guid":{"rendered":"https:\/\/www.oxsea.com\/boutique\/sin%20categor\u00eda\/pack-duo-ox500plus-mini-compresor-oxair\/"},"modified":"2026-02-02T20:46:33","modified_gmt":"2026-02-02T16:46:33","slug":"pack-duo-ox500plus-mini-compresor-oxair","status":"publish","type":"product","link":"https:\/\/www.oxsea.com\/es\/boutique\/todos-los-productos\/packs-ox500plus\/pack-duo-ox500plus-mini-compresor-oxair\/","title":{"rendered":"Pack DUO OX500PLUS + Mini Compresor + OXAIR"},"content":{"rendered":"<p><!-- Pack OX500 PLUS: mini-bouteille + mini compresseur + masque OXAIR --><\/p>\n<div style=\"font-family: Inter,system-ui,-apple-system,Segoe UI,Roboto,sans-serif; color: #e6e6e6; line-height: 1.6; margin: 0 0 16px 0;\">\n<p><strong style=\"color: #ffffff;\">Descubre el Pack OX500 PLUS: mini-botella + mini compresor + m\u00e1scara OXAIR.<\/strong><\/p>\n<p style=\"margin: 8px 0 12px 0;\">La OX500 PLUS ofrece hasta <strong style=\"color: #ffffff;\">8 minutos de autonom\u00eda<\/strong> con <strong style=\"color: #ffffff;\">0,5 L<\/strong>. Este pack incluye el <strong style=\"color: #ffffff;\">mini compresor OXSEA<\/strong> y la <strong style=\"color: #ffffff;\">m\u00e1scara OXAIR<\/strong> para una experiencia superficie-inmersi\u00f3n coherente. <\/p>\n<div style=\"display: flex; flex-direction: column; gap: 6px; margin: 0.8em 0 1.2em 0;\">\n<div style=\"display: flex; align-items: flex-start; gap: 10px;\">\n<div><strong style=\"color: #ffffff;\">Compacto y f\u00e1cil de usar:<\/strong> en la boca o en el dorso con arn\u00e9s y regulador externo. <em>Man\u00f3metro externo incluido<\/em> para verificar la presi\u00f3n de un vistazo.<\/div>\n<\/div>\n<div style=\"display: flex; align-items: flex-start; gap: 10px;\">\n<div><strong style=\"color: #ffffff;\">Recarga en todas partes:<\/strong> mini compresor incluido, ~12 min para 0,5 L en 12 V o 220 V. Compatible con estaci\u00f3n DIN\/estribo para transferencia desde un bloque. <\/div>\n<\/div>\n<div style=\"display: flex; align-items: flex-start; gap: 10px;\">\n<div><strong style=\"color: #ffffff;\">M\u00e1scara OXAIR, uso h\u00edbrido:<\/strong> en la superficie respiras con el tubo. Bajo el agua, el aire de la mini-botella toma autom\u00e1ticamente el relevo a trav\u00e9s del regulador. Dos modos en un solo pack.  <\/div>\n<\/div>\n<div style=\"display: flex; align-items: flex-start; gap: 10px;\">\n<div><strong style=\"color: #ffffff;\">Usos polivalentes:<\/strong> ideal para navegar, asegurar y explorar cerca del barco.<\/div>\n<\/div>\n<\/div>\n<\/div>\n","protected":false},"excerpt":{"rendered":"<p>Descubre el Pack OX500 PLUS: mini-botella + mini compresor + m\u00e1scara OXAIR. La OX500 PLUS ofrece hasta 8 minutos de autonom\u00eda con 0,5 L. Este pack incluye el mini compresor OXSEA y la m\u00e1scara OXAIR para una experiencia superficie-inmersi\u00f3n coherente. Compacto y f\u00e1cil de usar: en la boca o en el dorso con arn\u00e9s y [&hellip;]<\/p>\n","protected":false},"featured_media":116762,"template":"","meta":{"_acf_changed":false,"_et_pb_use_builder":"","_et_pb_old_content":"","_et_gb_content_width":""},"product_brand":[],"product_cat":[187,183],"product_tag":[],"class_list":{"0":"post-116761","1":"product","2":"type-product","3":"status-publish","4":"has-post-thumbnail","6":"product_cat-packs-ox500plus","7":"product_cat-todos-los-productos","9":"first","10":"instock","11":"featured","12":"taxable","13":"shipping-taxable","14":"purchasable","15":"product-type-simple"},"acf":[],"_links":{"self":[{"href":"https:\/\/www.oxsea.com\/es\/wp-json\/wp\/v2\/product\/116761","targetHints":{"allow":["GET"]}}],"collection":[{"href":"https:\/\/www.oxsea.com\/es\/wp-json\/wp\/v2\/product"}],"about":[{"href":"https:\/\/www.oxsea.com\/es\/wp-json\/wp\/v2\/types\/product"}],"wp:featuredmedia":[{"embeddable":true,"href":"https:\/\/www.oxsea.com\/es\/wp-json\/wp\/v2\/media\/116762"}],"wp:attachment":[{"href":"https:\/\/www.oxsea.com\/es\/wp-json\/wp\/v2\/media?parent=116761"}],"wp:term":[{"taxonomy":"product_brand","embeddable":true,"href":"https:\/\/www.oxsea.com\/es\/wp-json\/wp\/v2\/product_brand?post=116761"},{"taxonomy":"product_cat","embeddable":true,"href":"https:\/\/www.oxsea.com\/es\/wp-json\/wp\/v2\/product_cat?post=116761"},{"taxonomy":"product_tag","embeddable":true,"href":"https:\/\/www.oxsea.com\/es\/wp-json\/wp\/v2\/product_tag?post=116761"}],"curies":[{"name":"wp","href":"https:\/\/api.w.org\/{rel}","templated":true}]}}